{"id":18182,"date":"2024-05-31T15:24:37","date_gmt":"2024-05-31T13:24:37","guid":{"rendered":"https:\/\/effebiquattro.it\/?page_id=18182"},"modified":"2024-08-21T18:15:57","modified_gmt":"2024-08-21T16:15:57","slug":"informativa-whistleblowing","status":"publish","type":"page","link":"https:\/\/effebiquattro.it\/it\/informativa-whistleblowing\/","title":{"rendered":"Informativa Whistleblowing"},"content":{"rendered":"\n<p>Nella presente pagina informativa sono illustrate le modalit\u00e0 di funzionamento del canale interno di segnalazione di illeciti o irregolarit\u00e0 verificatisi all\u2019interno di Effebiquattro che recepiscono quanto previsto dal nuovo D. Lgs. 24\/2023 in materia di whistleblowing, a cui la nostra azienda deve adeguarsi.<\/p>\n\n\n\n<p>Il <strong>canale di segnalazione \u00e8 accessibile online, al seguente <\/strong>link<\/p>\n\n\n\n<p><a href=\"https:\/\/whistleblowing.confimiservizi.it\/segnalazioni\/48aafebd\/login\">https:\/\/whistleblowing.confimiservizi.it\/segnalazioni\/48aafebd\/login<\/a><\/p>\n\n\n\n<p>e viene gestito dal Referente delle risorse umane. Come indicato all\u2019ultimo paragrafo del presente documento, \u00e8 possibile utilizzare anche dei canali di segnalazione esterni.<\/p>\n\n\n\n<ol class=\"wp-block-list\">\n<li><strong>FINALIT\u00c0 E DESTINATARI DEL CANALE WHISTLEBLOWING DI EFFEBIQUATTRO<\/strong><\/li>\n<\/ol>\n\n\n\n<p>Con il termine \u201cwhistleblowing\u201d si intende un insieme di norme volte a tutelare da eventuali ritorsioni i soggetti che segnalano illeciti o irregolarit\u00e0 all\u2019interno di Effebiquattro.<\/p>\n\n\n\n<p>La finalit\u00e0, dunque, del canale interno di whistleblowing \u00e8 quella di <strong>garantire la riservatezza del segnalante e proteggere quest\u2019ultimo da eventuali ritorsioni subite in ragione della segnalazione<\/strong>; le predette tutele non sono garantite in caso di segnalazione ordinaria presso un referente o un superiore.<\/p>\n\n\n\n<p>Possono fare una segnalazione tramite il canale interno i dipendenti, gli ex dipendenti, i soci e le persone con funzioni di amministrazione, direzione, controllo, vigilanza o rappresentanza presso Effebiquattro, i soggetti esterni (consulenti, dipendenti di fornitori di beni e servizi, tirocinanti, volontari) che svolgono attivit\u00e0 per e\/o presso Effebiquattro, i candidati a una posizione in Effebiquattro.<\/p>\n\n\n\n<p><strong>Il segnalante pu\u00f2 scegliere se presentare la segnalazione in modo anonimo o meno<\/strong>. Nel caso opti per l\u2019anonimato, il segnalante avr\u00e0 comunque il diritto a rimanere informato sugli sviluppi delle indagini conseguenti alla segnalazione e la possibilit\u00e0 di essere contattato tramite la piattaforma in un momento successivo per ulteriori informazioni strumentali alla gestione della segnalazione. La riservatezza del segnalante e delle persone coinvolte sar\u00e0 in ogni caso pienamente garantita.<\/p>\n\n\n\n<ol class=\"wp-block-list\" start=\"2\">\n<li><strong>IL CONTENUTO DELLE SEGNALAZIONI<\/strong><\/li>\n<\/ol>\n\n\n\n<p>Il <strong>D. lgs. 24\/2023 precisa con chiarezza le violazioni \u2013 conosciute in ambito lavorativo \u2013 che possono essere oggetto di segnalazione<\/strong>, ossia: violazioni del diritto europeo (es.&nbsp; diffusione di dati personali di dipendenti di Effebiquattro) o nazionale in materia civile (es. danneggiamento di beni aziendali), penale (es. comportamenti che siano inquadrabili nel mobbing; accettare una somma di denaro per influenzare la scelta di un fornitore), amministrativa (es. impiego in Effebiquattro di contanti superiori alla soglia prevista <em>ex<\/em> lege), contabile (es. errata dichiarazione fiscale). &nbsp;<\/p>\n\n\n\n<p><strong>Non \u00e8 possibile utilizzare il canale di Effebiquattro per la segnalazione di questioni esclusivamente attenenti al proprio rapporto individuale di lavoro<\/strong>, nonch\u00e9 le questioni comunque inerenti alle risorse umane, alla gestione di personale o al tema di Salute, Sicurezza e Ambiente, per le quali occorre rivolgersi direttamente ai dipartimenti competenti. Non possono inoltre essere presentate segnalazioni di violazioni in materia di sicurezza nazionale, nonch\u00e9 di appalti relativi ad aspetti di difesa o di sicurezza nazionale, a meno che tali aspetti rientrino nel diritto derivato pertinente dell\u2019UE.<\/p>\n\n\n\n<p>Chiarito l\u2019oggetto delle segnalazioni, occorre soffermarsi sul contenuto pratico delle stesse. Le segnalazioni devono contenere <strong>informazioni circostanziate \u2013 precise e complete, sui fatti, sulle circostanze di tempo e di luogo, sulle persone coinvolte e, per quanto possibile, sugli elementi fondanti l\u2019oggetto della segnalazione<\/strong>. La segnalazione pu\u00f2 basarsi anche su fondati sospetti relativi alla commissione di violazioni oppure, su elementi concreti, precisi e concordanti relativamente ad eventi che non si sono ancora verificati. Inoltre, possono essere oggetto di segnalazione anche le condotte che sono volte ad occultare una violazione.<\/p>\n\n\n\n<p>Inoltre, qualora il segnalante voglia mantenere segreta la propria identit\u00e0 e beneficiare delle tutele previste in caso di ritorsioni, deve indicarlo nell\u2019oggetto della segnalazione.<\/p>\n\n\n\n<ol class=\"wp-block-list\" start=\"3\">\n<li><strong>CONSEGUENZE DELLE SEGNALAZIONI INFONDATE<\/strong><\/li>\n<\/ol>\n\n\n\n<p>Il segnalante che abbia presentato una segnalazione in buona fede relativamente ad una violazione non sar\u00e0 soggetto ad alcuna misura disciplinare o a ritorsioni di alcun tipo legate alla segnalazione, anche se la segnalazione dovesse successivamente essere considerata come imprecisa o infondata.<\/p>\n\n\n\n<p><strong>Chiunque invece presenti consapevolmente e deliberatamente una falsa segnalazione o false dichiarazioni, divulghi informazioni fuorvianti o agisca in malafede<\/strong> (per esempio, presentando denunce diffamatorie o calunniose), oltre a perdere il diritto a tutte le tutele previste per il segnalante ai sensi del d.lgs. 24\/2023, <strong>sar\u00e0 soggetto alle relative conseguenze sanzionatorie (anche penali)<\/strong>, in conformit\u00e0 con le previsioni aziendali e le leggi vigenti. Le medesime conseguenze si produrranno in caso di utilizzo doloso dei canali di segnalazione esterni.<\/p>\n\n\n\n<ol class=\"wp-block-list\" start=\"4\">\n<li><strong>LA TUTELA DEL SEGNALANTE E DEGLI ALTRI SOGGETTI COINVOLTI<\/strong><\/li>\n<\/ol>\n\n\n\n<p>Come richiesto dal d. lgs. 24\/2023, Effebiquattro si impegna a adottare tutte le misure necessarie per assicurare la tutela del segnalante, del segnalato e dei soggetti coinvolti nella segnalazione, compreso il facilitatore, al fine di <strong>salvaguardare gli stessi da eventuali danni alla loro reputazione o altre conseguenze negative<\/strong> ancor prima che venga accertato il contenuto della segnalazione.<\/p>\n\n\n\n<p><strong>Effebiquattro e i soggetti esterni coinvolti assicurano la massima tutela di tutti i dati personali <\/strong>trattati, impedendo l\u2019indebita circolazione di informazioni personali sia verso l\u2019esterno che verso l\u2019interno degli uffici di Effebiquattro, a soggetti non autorizzati al trattamento di tali dati.<\/p>\n\n\n\n<p>Inoltre, i soggetti segnalati e comunque coinvolti nella segnalazione hanno tutte le garanzie di difesa normalmente riconosciute nel corso di eventuali procedimenti disciplinari o di diversa natura che dovessero essere instaurati a seguito della segnalazione.<\/p>\n\n\n\n<p><strong>Le eventuali ritorsioni devono essere segnalate immediatamente ad ANAC mediante l\u2019impiego del relativo canale di segnalazione esterno<\/strong>; una volta accertata la responsabilit\u00e0 degli autori della condotta ritorsiva, a questi ultimi saranno anche applicati da parte di Effebiquattro provvedimenti disciplinari.<\/p>\n\n\n\n<p>Effebiquattro pu\u00f2 inoltre adottare dei provvedimenti, in conformit\u00e0 alle leggi applicabili, nei casi di comportamenti ostativi all\u2019esercizio del diritto di segnalazione.<\/p>\n\n\n\n<ol class=\"wp-block-list\" start=\"5\">\n<li><strong>LA GESTIONE DELLA SEGNALAZIONE \u00a0<\/strong><\/li>\n<\/ol>\n\n\n\n<p>La segnalazione viene ricevuta dal Responsabile delle Risorse Umane che si occuper\u00e0 sia della gestione della segnalazione, sia della eventuale fase istruttoria che dovesse rendersi necessaria.&nbsp;<\/p>\n\n\n\n<p><strong>Qualora un soggetto riceva una segnalazione senza essere competente in proposito<\/strong> deve: (i) tempestivamente trasmettere tale segnalazione al Referente delle risorse umane; (ii) mantenere la massima riservatezza in ordine al contenuto della segnalazione e\/o ai soggetti coinvolti qualora ne sia venuto a conoscenza. Tale circostanza si applica anche in caso di segnalazione pervenuta ad un soggetto competente tramite un canale errato.<\/p>\n\n\n\n<p>Al segnalante verranno assegnate delle credenziali per poter accedere alla piattaforma, tramite la quale ricever\u00e0 immediatamente una conferma di avvenuta ricezione della segnalazione, ricever\u00e0 entro i 7 giorni successivi un secondo avviso della presa in carico della stessa e manterr\u00e0 un contatto diretto con il gestore della segnalazione per tutta la durata delle indagini. In ogni caso il segnalante ricever\u00e0 entro 3 mesi il report finale con l\u2019esito delle indagini.<\/p>\n\n\n\n<p>Durante l\u2019intero processo di raccolta e gestione di una segnalazione, il trattamento dei dati personali di ciascun soggetto coinvolto viene effettuato da Effebiquattro nel pieno rispetto delle previsioni della normativa privacy, nei modi e con i limiti illustrati nell\u2019<strong>informativa privacy consultabile al seguente <\/strong>link https:\/\/effebiquattro.it\/informativa-whistleblowing\/<\/p>\n\n\n\n<p>L\u2019esercizio dei diritti normalmente garantiti all\u2019interessato potrebbe essere limitato, in quanto ne potrebbe derivare un pregiudizio effettivo e concreto alla tutela della riservatezza dell\u2019identit\u00e0 della persona segnalante.<\/p>\n\n\n\n<ol class=\"wp-block-list\" start=\"6\">\n<li><strong>I CANALI ESTERNI A EFFEBIQUATTRO<\/strong><\/li>\n<\/ol>\n\n\n\n<p>A certe condizioni \u00e8 possibile presentare la segnalazione anche tramite <strong>canali esterni<\/strong>, in particolare:<\/p>\n\n\n\n<ol class=\"wp-block-list\" style=\"list-style-type:lower-alpha\">\n<li>presso <strong>il sito internet di ANAC<\/strong>, alle seguenti condizioni:<\/li>\n\n\n\n<li>si \u00e8 presentata una segnalazione interna cui non \u00e8 stato dato seguito;<\/li>\n\n\n\n<li>vi \u00e8 fondato motivo di ritenere che alla segnalazione interna non verr\u00e0 dato seguito;<\/li>\n\n\n\n<li>il fatto da segnalare costituisce un pericolo imminente da segnalare ad un\u2019autorit\u00e0;<\/li>\n<\/ol>\n\n\n\n<ul class=\"wp-block-list\">\n<li>mediante una <strong>divulgazione pubblica<\/strong>, alle seguenti condizioni:<\/li>\n\n\n\n<li>sono gi\u00e0 state presentate delle segnalazioni interne ed esterne cui non \u00e8 stato dato seguito;<\/li>\n\n\n\n<li>il fatto da segnalare costituisce un pericolo imminente da segnalare alla collettivit\u00e0;<\/li>\n\n\n\n<li>sussiste il concreto rischio di ritorsioni in caso in cui si proceda a segnalazione mediante un canale diverso.<\/li>\n<\/ul>\n\n\n\n<p><strong>La presentazione di una segnalazione attraverso l\u2019impiego di un canale esterno in assenza delle condizioni previste dal decreto determina la perdita delle tutele riconosciute in capo al segnalante<\/strong> ai sensi dell\u2019art. 20 del d. lgs. 24\/2023; ci\u00f2 implica il riconoscimento delle relative responsabilit\u00e0 (anche penali) in capo al segnalante.<\/p>\n\n\n\n<p>Restano a disposizione del segnalante i canali di segnalazione gi\u00e0 previsti dalla legge per la comunicazione alle autorit\u00e0 competenti di questioni inerenti ad illeciti di natura penale o amministrativa, in presenza dei relativi presupposti normativi (es. querela di un reato presso le forze dell\u2019Ordine).<strong><em>Per qualsiasi informazione inerente al sistema whistleblowing ti preghiamo di contattare il dott. Valerio Sarti, Responsabile Risorse Umane.<\/em><\/strong><\/p>\n\n\n\n<div class=\"wp-block-buttons is-layout-flex wp-block-buttons-is-layout-flex\">\n<div class=\"wp-block-button\"><a class=\"wp-block-button__link wp-element-button\">Informativa pRivacy<\/a><\/div>\n<\/div>\n","protected":false},"excerpt":{"rendered":"<p>Nella presente pagina informativa sono illustrate le modalit\u00e0 di funzionamento del canale interno di segnalazione di illeciti o irregolarit\u00e0 verificatisi all\u2019interno di Effebiquattro che recepiscono quanto previsto dal nuovo D. Lgs. 24\/2023 in materia di whistleblowing, a cui la nostra azienda deve adeguarsi. Il canale di segnalazione \u00e8 accessibile online, al seguente link https:\/\/whistleblowing.confimiservizi.it\/segnalazioni\/48aafebd\/login e [&hellip;]<\/p>\n","protected":false},"author":1,"featured_media":0,"parent":0,"menu_order":0,"comment_status":"closed","ping_status":"closed","template":"","meta":{"_acf_changed":false,"_gspb_post_css":"","footnotes":""},"class_list":["post-18182","page","type-page","status-publish","hentry"],"blocksy_meta":[],"acf":[],"yoast_head":"<!-- This site is optimized with the Yoast SEO plugin v27.4 - https:\/\/yoast.com\/product\/yoast-seo-wordpress\/ -->\n<title>Informativa Whistleblowing - Effebiquattro<\/title>\n<meta name=\"description\" content=\"Modalit\u00e0 di funzionamento del canale interno di segnalazione di illeciti o irregolarit\u00e0 verificatisi all\u2019interno di Effebiquattro.\" \/>\n<meta name=\"robots\" content=\"index, follow, max-snippet:-1, max-image-preview:large, max-video-preview:-1\" \/>\n<link rel=\"canonical\" href=\"https:\/\/effebiquattro.it\/it\/informativa-whistleblowing\/\" \/>\n<meta property=\"og:locale\" content=\"it_IT\" \/>\n<meta property=\"og:type\" content=\"article\" \/>\n<meta property=\"og:title\" content=\"Informativa Whistleblowing - Effebiquattro\" \/>\n<meta property=\"og:description\" content=\"Modalit\u00e0 di funzionamento del canale interno di segnalazione di illeciti o irregolarit\u00e0 verificatisi all\u2019interno di Effebiquattro.\" \/>\n<meta property=\"og:url\" content=\"https:\/\/effebiquattro.it\/it\/informativa-whistleblowing\/\" \/>\n<meta property=\"og:site_name\" content=\"Effebiquattro\" \/>\n<meta property=\"article:publisher\" content=\"https:\/\/www.facebook.com\/Effebiquattro\/\" \/>\n<meta property=\"article:modified_time\" content=\"2024-08-21T16:15:57+00:00\" \/>\n<meta name=\"twitter:card\" content=\"summary_large_image\" \/>\n<meta name=\"twitter:label1\" content=\"Tempo di lettura stimato\" \/>\n\t<meta name=\"twitter:data1\" content=\"8 minuti\" \/>\n<script type=\"application\/ld+json\" class=\"yoast-schema-graph\">{\"@context\":\"https:\\\/\\\/schema.org\",\"@graph\":[{\"@type\":\"WebPage\",\"@id\":\"https:\\\/\\\/effebiquattro.it\\\/it\\\/informativa-whistleblowing\\\/\",\"url\":\"https:\\\/\\\/effebiquattro.it\\\/it\\\/informativa-whistleblowing\\\/\",\"name\":\"Informativa Whistleblowing - Effebiquattro\",\"isPartOf\":{\"@id\":\"https:\\\/\\\/effebiquattro.it\\\/it\\\/#website\"},\"datePublished\":\"2024-05-31T13:24:37+00:00\",\"dateModified\":\"2024-08-21T16:15:57+00:00\",\"description\":\"Modalit\u00e0 di funzionamento del canale interno di segnalazione di illeciti o irregolarit\u00e0 verificatisi all\u2019interno di Effebiquattro.\",\"breadcrumb\":{\"@id\":\"https:\\\/\\\/effebiquattro.it\\\/it\\\/informativa-whistleblowing\\\/#breadcrumb\"},\"inLanguage\":\"it-IT\",\"potentialAction\":[{\"@type\":\"ReadAction\",\"target\":[\"https:\\\/\\\/effebiquattro.it\\\/it\\\/informativa-whistleblowing\\\/\"]}]},{\"@type\":\"BreadcrumbList\",\"@id\":\"https:\\\/\\\/effebiquattro.it\\\/it\\\/informativa-whistleblowing\\\/#breadcrumb\",\"itemListElement\":[{\"@type\":\"ListItem\",\"position\":1,\"name\":\"Home\",\"item\":\"https:\\\/\\\/effebiquattro.it\\\/it\\\/\"},{\"@type\":\"ListItem\",\"position\":2,\"name\":\"Informativa Whistleblowing\"}]},{\"@type\":\"WebSite\",\"@id\":\"https:\\\/\\\/effebiquattro.it\\\/it\\\/#website\",\"url\":\"https:\\\/\\\/effebiquattro.it\\\/it\\\/\",\"name\":\"EFFEBIQUATTRO Milano\",\"description\":\"\",\"publisher\":{\"@id\":\"https:\\\/\\\/effebiquattro.it\\\/it\\\/#organization\"},\"potentialAction\":[{\"@type\":\"SearchAction\",\"target\":{\"@type\":\"EntryPoint\",\"urlTemplate\":\"https:\\\/\\\/effebiquattro.it\\\/it\\\/?s={search_term_string}\"},\"query-input\":{\"@type\":\"PropertyValueSpecification\",\"valueRequired\":true,\"valueName\":\"search_term_string\"}}],\"inLanguage\":\"it-IT\"},{\"@type\":\"Organization\",\"@id\":\"https:\\\/\\\/effebiquattro.it\\\/it\\\/#organization\",\"name\":\"EFFEBIQUATTRO Milano\",\"url\":\"https:\\\/\\\/effebiquattro.it\\\/it\\\/\",\"logo\":{\"@type\":\"ImageObject\",\"inLanguage\":\"it-IT\",\"@id\":\"https:\\\/\\\/effebiquattro.it\\\/it\\\/#\\\/schema\\\/logo\\\/image\\\/\",\"url\":\"https:\\\/\\\/effebiquattro.it\\\/wp-content\\\/uploads\\\/2024\\\/03\\\/effebiquattro-logo-dark.svg\",\"contentUrl\":\"https:\\\/\\\/effebiquattro.it\\\/wp-content\\\/uploads\\\/2024\\\/03\\\/effebiquattro-logo-dark.svg\",\"width\":2417,\"height\":459,\"caption\":\"EFFEBIQUATTRO Milano\"},\"image\":{\"@id\":\"https:\\\/\\\/effebiquattro.it\\\/it\\\/#\\\/schema\\\/logo\\\/image\\\/\"},\"sameAs\":[\"https:\\\/\\\/www.facebook.com\\\/Effebiquattro\\\/\",\"https:\\\/\\\/www.instagram.com\\\/effebiquattro_milano\\\/\",\"https:\\\/\\\/www.youtube.com\\\/channel\\\/UCBIwLBvrWD2ogHyfm7ChRnA\",\"https:\\\/\\\/www.linkedin.com\\\/company\\\/effebiquattro-s-p-a-\"]}]}<\/script>\n<!-- \/ Yoast SEO plugin. -->","yoast_head_json":{"title":"Informativa Whistleblowing - Effebiquattro","description":"Modalit\u00e0 di funzionamento del canale interno di segnalazione di illeciti o irregolarit\u00e0 verificatisi all\u2019interno di Effebiquattro.","robots":{"index":"index","follow":"follow","max-snippet":"max-snippet:-1","max-image-preview":"max-image-preview:large","max-video-preview":"max-video-preview:-1"},"canonical":"https:\/\/effebiquattro.it\/it\/informativa-whistleblowing\/","og_locale":"it_IT","og_type":"article","og_title":"Informativa Whistleblowing - Effebiquattro","og_description":"Modalit\u00e0 di funzionamento del canale interno di segnalazione di illeciti o irregolarit\u00e0 verificatisi all\u2019interno di Effebiquattro.","og_url":"https:\/\/effebiquattro.it\/it\/informativa-whistleblowing\/","og_site_name":"Effebiquattro","article_publisher":"https:\/\/www.facebook.com\/Effebiquattro\/","article_modified_time":"2024-08-21T16:15:57+00:00","twitter_card":"summary_large_image","twitter_misc":{"Tempo di lettura stimato":"8 minuti"},"schema":{"@context":"https:\/\/schema.org","@graph":[{"@type":"WebPage","@id":"https:\/\/effebiquattro.it\/it\/informativa-whistleblowing\/","url":"https:\/\/effebiquattro.it\/it\/informativa-whistleblowing\/","name":"Informativa Whistleblowing - Effebiquattro","isPartOf":{"@id":"https:\/\/effebiquattro.it\/it\/#website"},"datePublished":"2024-05-31T13:24:37+00:00","dateModified":"2024-08-21T16:15:57+00:00","description":"Modalit\u00e0 di funzionamento del canale interno di segnalazione di illeciti o irregolarit\u00e0 verificatisi all\u2019interno di Effebiquattro.","breadcrumb":{"@id":"https:\/\/effebiquattro.it\/it\/informativa-whistleblowing\/#breadcrumb"},"inLanguage":"it-IT","potentialAction":[{"@type":"ReadAction","target":["https:\/\/effebiquattro.it\/it\/informativa-whistleblowing\/"]}]},{"@type":"BreadcrumbList","@id":"https:\/\/effebiquattro.it\/it\/informativa-whistleblowing\/#breadcrumb","itemListElement":[{"@type":"ListItem","position":1,"name":"Home","item":"https:\/\/effebiquattro.it\/it\/"},{"@type":"ListItem","position":2,"name":"Informativa Whistleblowing"}]},{"@type":"WebSite","@id":"https:\/\/effebiquattro.it\/it\/#website","url":"https:\/\/effebiquattro.it\/it\/","name":"EFFEBIQUATTRO Milano","description":"","publisher":{"@id":"https:\/\/effebiquattro.it\/it\/#organization"},"potentialAction":[{"@type":"SearchAction","target":{"@type":"EntryPoint","urlTemplate":"https:\/\/effebiquattro.it\/it\/?s={search_term_string}"},"query-input":{"@type":"PropertyValueSpecification","valueRequired":true,"valueName":"search_term_string"}}],"inLanguage":"it-IT"},{"@type":"Organization","@id":"https:\/\/effebiquattro.it\/it\/#organization","name":"EFFEBIQUATTRO Milano","url":"https:\/\/effebiquattro.it\/it\/","logo":{"@type":"ImageObject","inLanguage":"it-IT","@id":"https:\/\/effebiquattro.it\/it\/#\/schema\/logo\/image\/","url":"https:\/\/effebiquattro.it\/wp-content\/uploads\/2024\/03\/effebiquattro-logo-dark.svg","contentUrl":"https:\/\/effebiquattro.it\/wp-content\/uploads\/2024\/03\/effebiquattro-logo-dark.svg","width":2417,"height":459,"caption":"EFFEBIQUATTRO Milano"},"image":{"@id":"https:\/\/effebiquattro.it\/it\/#\/schema\/logo\/image\/"},"sameAs":["https:\/\/www.facebook.com\/Effebiquattro\/","https:\/\/www.instagram.com\/effebiquattro_milano\/","https:\/\/www.youtube.com\/channel\/UCBIwLBvrWD2ogHyfm7ChRnA","https:\/\/www.linkedin.com\/company\/effebiquattro-s-p-a-"]}]}},"_links":{"self":[{"href":"https:\/\/effebiquattro.it\/it\/wp-json\/wp\/v2\/pages\/18182","targetHints":{"allow":["GET"]}}],"collection":[{"href":"https:\/\/effebiquattro.it\/it\/wp-json\/wp\/v2\/pages"}],"about":[{"href":"https:\/\/effebiquattro.it\/it\/wp-json\/wp\/v2\/types\/page"}],"author":[{"embeddable":true,"href":"https:\/\/effebiquattro.it\/it\/wp-json\/wp\/v2\/users\/1"}],"replies":[{"embeddable":true,"href":"https:\/\/effebiquattro.it\/it\/wp-json\/wp\/v2\/comments?post=18182"}],"version-history":[{"count":2,"href":"https:\/\/effebiquattro.it\/it\/wp-json\/wp\/v2\/pages\/18182\/revisions"}],"predecessor-version":[{"id":18186,"href":"https:\/\/effebiquattro.it\/it\/wp-json\/wp\/v2\/pages\/18182\/revisions\/18186"}],"wp:attachment":[{"href":"https:\/\/effebiquattro.it\/it\/wp-json\/wp\/v2\/media?parent=18182"}],"curies":[{"name":"wp","href":"https:\/\/api.w.org\/{rel}","templated":true}]}}